{"id":85,"date":"2025-09-23T17:14:49","date_gmt":"2025-09-23T17:14:49","guid":{"rendered":"https:\/\/spg.ci\/?page_id=85"},"modified":"2025-12-23T13:40:35","modified_gmt":"2025-12-23T13:40:35","slug":"qui-sommes-nous","status":"publish","type":"page","link":"https:\/\/spg.ci\/index.php\/home\/qui-sommes-nous\/","title":{"rendered":"Qui Sommes-Nous?"},"content":{"rendered":"\n<p>SPG Sarl (Soci\u00e9t\u00e9 de Prestations G\u00e9n\u00e9rales), une entreprise pr\u00e9sente dans plusieurs Domaines d\u2019activit\u00e9s.<\/p>\n\n\n\n<h2 class=\"wp-block-heading\">DOMAINES D\u2019ACTIVITES<\/h2>\n\n\n\n<ul class=\"wp-block-list\">\n<li>Construction neuve industrielle,<\/li>\n\n\n\n<li>Construction commerciale et domestique,<\/li>\n\n\n\n<li>Modifications et r\u00e9habilitions,<\/li>\n\n\n\n<li>Etudes, Design, Calculs de structures<\/li>\n\n\n\n<li>Am\u00e9nagement Foncier (Topographie)<\/li>\n<\/ul>\n\n\n\n<div style=\"height:34px\" aria-hidden=\"true\" class=\"wp-block-spacer\"><\/div>\n\n\n\n<figure class=\"wp-block-image size-full\"><img loading=\"lazy\" decoding=\"async\" width=\"1024\" height=\"402\" src=\"https:\/\/spg.ci\/wp-content\/uploads\/2025\/10\/image.png\" alt=\"\" class=\"wp-image-198\" srcset=\"https:\/\/spg.ci\/wp-content\/uploads\/2025\/10\/image.png 1024w, https:\/\/spg.ci\/wp-content\/uploads\/2025\/10\/image-300x118.png 300w, https:\/\/spg.ci\/wp-content\/uploads\/2025\/10\/image-768x302.png 768w\" sizes=\"auto, (max-width: 1024px) 100vw, 1024px\" \/><\/figure>\n\n\n\n<div style=\"height:34px\" aria-hidden=\"true\" class=\"wp-block-spacer\"><\/div>\n\n\n\n<p>SPG Sarl con\u00e7oit des projets, fait des \u00e9tudes techniques, assure la coordination et la r\u00e9alisation de ces projets neufs et r\u00e9novations.<\/p>\n\n\n\n<h2 class=\"wp-block-heading\">SAVOIR-FAIRE<\/h2>\n\n\n\n<p>Nos comp\u00e9tences se reposent sur un bureau d&rsquo;\u00e9tudes, des comp\u00e9tences sur terrain et des personnels exp\u00e9riment\u00e9s et motiv\u00e9s. Quel que soit votre projet, SPG Sarl vous accompagne, identifie l&rsquo;ensemble de vos besoins et vous propose des SOLUTIONS r\u00e9pondant \u00e0 votre attente.<\/p>\n\n\n\n<h2 class=\"wp-block-heading\">METHODOLOGIE DE TRAVAIL<\/h2>\n\n\n\n<blockquote class=\"wp-block-quote is-layout-flow wp-block-quote-is-layout-flow\">\n<p>NOTRE METHODOLOGIE DE TRAVAIL REPOSE D\u2019ABORD SUR LA SECURITE<\/p>\n<\/blockquote>\n\n\n\n<p>LA SECURITE, C\u2019EST NOTRE PRIORITE !<br>SPG \u00e9tant d\u00e9j\u00e0 pr\u00e9sente dans les multinationales est d\u00e9j\u00e0 une habitu\u00e9e de la qualit\u00e9 aussi bien que s\u00e9curit\u00e9 au travail et est couverte par une assurance a responsabilit\u00e9 civile<\/p>\n\n\n\n<p>Notre engagement pour \u00e9viter incidents ou accidents :<\/p>\n\n\n\n<ul class=\"wp-block-list\">\n<li>ANALYSE DES RISQUES<\/li>\n\n\n\n<li>PERMIS DE TRAVAIL<\/li>\n\n\n\n<li>LES REUINIONS SECURITE<\/li>\n<\/ul>\n","protected":false},"excerpt":{"rendered":"<p>SPG Sarl (Soci\u00e9t\u00e9 de Prestations G\u00e9n\u00e9rales), une entreprise pr\u00e9sente dans plusieurs Domaines d\u2019activit\u00e9s. DOMAINES D\u2019ACTIVITES SPG Sarl con\u00e7oit des projets, fait des \u00e9tudes techniques, assure la coordination et la r\u00e9alisation de ces projets neufs et r\u00e9novations. SAVOIR-FAIRE Nos comp\u00e9tences se reposent sur un bureau d&rsquo;\u00e9tudes, des comp\u00e9tences sur terrain et des personnels exp\u00e9riment\u00e9s et motiv\u00e9s. [&hellip;]<\/p>\n","protected":false},"author":1,"featured_media":0,"parent":13,"menu_order":0,"comment_status":"closed","ping_status":"closed","template":"","meta":{"footnotes":""},"class_list":["post-85","page","type-page","status-publish","hentry"],"_links":{"self":[{"href":"https:\/\/spg.ci\/index.php\/wp-json\/wp\/v2\/pages\/85","targetHints":{"allow":["GET"]}}],"collection":[{"href":"https:\/\/spg.ci\/index.php\/wp-json\/wp\/v2\/pages"}],"about":[{"href":"https:\/\/spg.ci\/index.php\/wp-json\/wp\/v2\/types\/page"}],"author":[{"embeddable":true,"href":"https:\/\/spg.ci\/index.php\/wp-json\/wp\/v2\/users\/1"}],"replies":[{"embeddable":true,"href":"https:\/\/spg.ci\/index.php\/wp-json\/wp\/v2\/comments?post=85"}],"version-history":[{"count":5,"href":"https:\/\/spg.ci\/index.php\/wp-json\/wp\/v2\/pages\/85\/revisions"}],"predecessor-version":[{"id":206,"href":"https:\/\/spg.ci\/index.php\/wp-json\/wp\/v2\/pages\/85\/revisions\/206"}],"up":[{"embeddable":true,"href":"https:\/\/spg.ci\/index.php\/wp-json\/wp\/v2\/pages\/13"}],"wp:attachment":[{"href":"https:\/\/spg.ci\/index.php\/wp-json\/wp\/v2\/media?parent=85"}],"curies":[{"name":"wp","href":"https:\/\/api.w.org\/{rel}","templated":true}]}}